{"id":44966,"date":"2021-11-08T15:28:38","date_gmt":"2021-11-08T14:28:38","guid":{"rendered":"https:\/\/www.royalcaviar.de\/?page_id=44966"},"modified":"2023-09-04T14:47:06","modified_gmt":"2023-09-04T12:47:06","slug":"langoustine-annika-maria","status":"publish","type":"page","link":"https:\/\/www.royalcaviar.de\/en\/caviar-recipes\/langoustine-annika-maria\/","title":{"rendered":"Langoustine Annika Maria"},"content":{"rendered":"\n\t<section class=\"section\" id=\"section_933230717\">\n\t\t<div class=\"section-bg fill\" >\n\t\t\t\t\t\t\t\t\t<div class=\"section-bg-overlay absolute fill\"><\/div>\n\t\t\t\n\n\t\t<\/div>\n\n\t\t\n\n\t\t<div class=\"section-content relative\">\n\t\t\t\n<div class=\"row\"  id=\"row-1037548436\">\n\n\t<div id=\"col-2112959\" class=\"col small-12 large-12\"  >\n\t\t\t\t<div class=\"col-inner\"  >\n\t\t\t\n\t\t\t\n<div class=\"container section-title-container\" ><h1 class=\"section-title section-title-center\"><b><\/b><span class=\"section-title-main\" style=\"font-size:125%;color:rgb(224, 177, 83);\">Langoustine \u201eAnnika Maria\u201c<\/span><b><\/b><\/h1><\/div>\n<h2 class=\"chefkoch--main-image\" style=\"text-align: center;\">Recipe recommendation from star chef Peter Maria Schnurr<\/h2>\n<div class=\"chefkoch--main-image\" style=\"text-align: center;\"><span style=\"color: #555555;\">Peter Maria Schurr is a star chef from &#8220;FALCO&#8221;, at the Westin Hotel in Leipzig<\/span><\/div>\n\t\t<\/div>\n\t\t\t\t\n<style>\n#col-2112959 > .col-inner {\n  margin: 40px 0px 0px 0px;\n}\n<\/style>\n\t<\/div>\n\n\t\n<\/div>\n\t\t<\/div>\n\n\t\t\n<style>\n#section_933230717 {\n  padding-top: 0px;\n  padding-bottom: 0px;\n  background-color: rgb(247, 247, 247);\n}\n#section_933230717 .section-bg-overlay {\n  background-color: rgba(255, 255, 255, 0.85);\n}\n<\/style>\n\t<\/section>\n\t\n<div class=\"row\"  id=\"row-472094830\">\n\n\t<div id=\"col-2028435198\" class=\"col medium-8 small-12 large-8\"  >\n\t\t\t\t<div class=\"col-inner\"  >\n\t\t\t\n\t\t\t\n\t<div class=\"img has-hover x md-x lg-x y md-y lg-y\" id=\"image_1760410749\">\n\t\t\t\t\t\t\t\t<div class=\"img-inner dark\" style=\"margin:30px 0px 40px 0px;\">\n\t\t\t<img loading=\"lazy\" decoding=\"async\" width=\"700\" height=\"700\" src=\"https:\/\/www.royalcaviar.de\/wp-content\/uploads\/2021\/10\/rezept_schurr_langoustine2.jpg\" class=\"attachment-large size-large\" alt=\"Langoustine \u201eAnnika Maria\u201c von Starkoch Peter Maria Schurr Rezeptempfehlung\" srcset=\"https:\/\/www.royalcaviar.de\/wp-content\/uploads\/2021\/10\/rezept_schurr_langoustine2.jpg 700w, https:\/\/www.royalcaviar.de\/wp-content\/uploads\/2021\/10\/rezept_schurr_langoustine2-300x300.jpg 300w, https:\/\/www.royalcaviar.de\/wp-content\/uploads\/2021\/10\/rezept_schurr_langoustine2-150x150.jpg 150w, https:\/\/www.royalcaviar.de\/wp-content\/uploads\/2021\/10\/rezept_schurr_langoustine2-690x690.jpg 690w, https:\/\/www.royalcaviar.de\/wp-content\/uploads\/2021\/10\/rezept_schurr_langoustine2-100x100.jpg 100w\" sizes=\"auto, (max-width: 700px) 100vw, 700px\" \/>\t\t\t\t\t\t\n\t\t\t\t\t<\/div>\n\t\t\t\t\t\t\t\t\n<style>\n#image_1760410749 {\n  width: 100%;\n}\n<\/style>\n\t<\/div>\n\t\n\t\t<\/div>\n\t\t\t\t\t<\/div>\n\n\t\n\n\t<div id=\"col-1953294790\" class=\"col medium-4 small-12 large-4\"  >\n\t\t\t\t<div class=\"col-inner\"  >\n\t\t\t\n\t\t\t\n\t<div class=\"img has-hover x md-x lg-x y md-y lg-y\" id=\"image_519380896\">\n\t\t\t\t\t\t\t\t<div class=\"img-inner dark\" style=\"margin:0px 0px 26px 46px;\">\n\t\t\t<img loading=\"lazy\" decoding=\"async\" width=\"683\" height=\"1024\" src=\"https:\/\/www.royalcaviar.de\/wp-content\/uploads\/2021\/10\/koch_peter-maria-schurr-683x1024.jpg\" class=\"attachment-large size-large\" alt=\"Sternekoch Peter Maria Schurr\" srcset=\"https:\/\/www.royalcaviar.de\/wp-content\/uploads\/2021\/10\/koch_peter-maria-schurr-683x1024.jpg 683w, https:\/\/www.royalcaviar.de\/wp-content\/uploads\/2021\/10\/koch_peter-maria-schurr-200x300.jpg 200w, https:\/\/www.royalcaviar.de\/wp-content\/uploads\/2021\/10\/koch_peter-maria-schurr-768x1151.jpg 768w, https:\/\/www.royalcaviar.de\/wp-content\/uploads\/2021\/10\/koch_peter-maria-schurr-1025x1536.jpg 1025w, https:\/\/www.royalcaviar.de\/wp-content\/uploads\/2021\/10\/koch_peter-maria-schurr-690x1034.jpg 690w, https:\/\/www.royalcaviar.de\/wp-content\/uploads\/2021\/10\/koch_peter-maria-schurr.jpg 1050w\" sizes=\"auto, (max-width: 683px) 100vw, 683px\" \/>\t\t\t\t\t\t\n\t\t\t\t\t<\/div>\n\t\t\t\t\t\t\t\t\n<style>\n#image_519380896 {\n  width: 89%;\n}\n<\/style>\n\t<\/div>\n\t\n<p style=\"text-align: center;\"><i>&#8220;For me, there is currently no alternative to Royal Caviar in terms of creaminess, perfect salt ratio, nuttiness and the consistency of the grain. Simply top-shelf!&#8221;<\/i><\/p>\n<p style=\"text-align: center;\"><strong>Star chef Peter Maria Schurr<\/strong><\/p>\n\t\t<\/div>\n\t\t\t\t\n<style>\n#col-1953294790 > .col-inner {\n  padding: 30px 0px 0px 0px;\n}\n<\/style>\n\t<\/div>\n\n\t\n<\/div>\n\n\t<section class=\"section\" id=\"section_407445311\">\n\t\t<div class=\"section-bg fill\" >\n\t\t\t\t\t\t\t\t\t\n\t\t\t\n\n\t\t<\/div>\n\n\t\t\n\n\t\t<div class=\"section-content relative\">\n\t\t\t\n<div class=\"row\"  id=\"row-1713073552\">\n\n\t<div id=\"col-901164282\" class=\"col small-12 large-12\"  >\n\t\t\t\t<div class=\"col-inner\"  >\n\t\t\t\n\t\t\t\n<h2>Ingredients for Langoustine \u201eAnnika Maria\u201c<\/h2>\n\t\t<\/div>\n\t\t\t\t\t<\/div>\n\n\t\n<\/div>\n<div class=\"row\"  id=\"row-866185201\">\n\n\t<div id=\"col-570922195\" class=\"col medium-4 small-12 large-4\"  >\n\t\t\t\t<div class=\"col-inner\"  >\n\t\t\t\n\t\t\t\n<ul>\n<li>4 pcs Langoustines Royale<\/li>\n<li>4 slices of lardo<\/li>\n<li>4 pieces Granny Smith apples<br \/>\n(3 pieces for juice &#8211; 1 piece for very thin julienne)<\/li>\n<li>50 g natural cr\u00e9me fra\u00eeche from \u00c9chir\u00e9e<\/li>\n<li>80 g Caviar <a href=\"https:\/\/www.royalcaviar.de\/en\/shop\/sturgeon-caviar\/royal-premium\/\">Royal Premium<\/a><\/li>\n<\/ul>\n\t\t<\/div>\n\t\t\t\t\t<\/div>\n\n\t\n\n\t<div id=\"col-867188844\" class=\"col medium-4 small-12 large-4\"  >\n\t\t\t\t<div class=\"col-inner\"  >\n\t\t\t\n\t\t\t\n\t\t<\/div>\n\t\t\t\t\t<\/div>\n\n\t\n\n\t<div id=\"col-1793846957\" class=\"col medium-4 small-12 large-4\"  >\n\t\t\t\t<div class=\"col-inner\"  >\n\t\t\t\n\t\t\t\n<h2>Order the matching caviar:<\/h2>\n\t\n  \n    <div class=\"row large-columns-1 medium-columns- small-columns- row-small slider row-slider slider-nav-reveal slider-nav-push\"  data-flickity-options='{&quot;imagesLoaded&quot;: true, &quot;groupCells&quot;: &quot;100%&quot;, &quot;dragThreshold&quot; : 5, &quot;cellAlign&quot;: &quot;left&quot;,&quot;wrapAround&quot;: true,&quot;prevNextButtons&quot;: true,&quot;percentPosition&quot;: true,&quot;pageDots&quot;: false, &quot;rightToLeft&quot;: false, &quot;autoPlay&quot; : false}' >\n\n  \n\t     <div class=\"product-small col has-hover product type-product post-42718 status-publish first instock product_cat-all-products product_cat-kaviar-en product_cat-sturgeon-caviar product_tag-caviar product_tag-royal-premium-en has-post-thumbnail taxable shipping-taxable purchasable product-type-variable has-default-attributes\">\n\t<div class=\"col-inner\">\n\t\n<div class=\"badge-container absolute left top z-1\">\n\n<\/div>\n\t<div class=\"product-small box \">\n\t\t<div class=\"box-image\">\n\t\t\t<div class=\"image-fade_in_back\">\n\t\t\t\t<a href=\"https:\/\/www.royalcaviar.de\/en\/shop\/sturgeon-caviar\/royal-premium\/\" aria-label=\"Royal Premium Caviar | Our Best Caviar\">\n\t\t\t\t\t<img loading=\"lazy\" decoding=\"async\" width=\"335\" height=\"223\" src=\"https:\/\/www.royalcaviar.de\/wp-content\/uploads\/2020\/06\/royal-premium-kaviar-auf-eiswuerfel-335x223.jpg\" class=\"attachment-woocommerce_thumbnail size-woocommerce_thumbnail\" alt=\"\" srcset=\"https:\/\/www.royalcaviar.de\/wp-content\/uploads\/2020\/06\/royal-premium-kaviar-auf-eiswuerfel-335x223.jpg 335w, https:\/\/www.royalcaviar.de\/wp-content\/uploads\/2020\/06\/royal-premium-kaviar-auf-eiswuerfel-300x201.jpg 300w\" sizes=\"auto, (max-width: 335px) 100vw, 335px\" \/><img loading=\"lazy\" decoding=\"async\" width=\"335\" height=\"223\" src=\"https:\/\/www.royalcaviar.de\/wp-content\/uploads\/2018\/11\/royal-premium-kaviar-in-silber-kristall-schale-auf-eis-335x223.jpg\" class=\"show-on-hover absolute fill hide-for-small back-image\" alt=\"Ge\u00f6ffnete Dose St\u00f6r Kaviar der Sorte Royal Premium auf Eis in Kristall-Schale serviert.\" srcset=\"https:\/\/www.royalcaviar.de\/wp-content\/uploads\/2018\/11\/royal-premium-kaviar-in-silber-kristall-schale-auf-eis-335x223.jpg 335w, https:\/\/www.royalcaviar.de\/wp-content\/uploads\/2018\/11\/royal-premium-kaviar-in-silber-kristall-schale-auf-eis-690x460.jpg 690w, https:\/\/www.royalcaviar.de\/wp-content\/uploads\/2018\/11\/royal-premium-kaviar-in-silber-kristall-schale-auf-eis-300x200.jpg 300w, https:\/\/www.royalcaviar.de\/wp-content\/uploads\/2018\/11\/royal-premium-kaviar-in-silber-kristall-schale-auf-eis-247x165.jpg 247w, https:\/\/www.royalcaviar.de\/wp-content\/uploads\/2018\/11\/royal-premium-kaviar-in-silber-kristall-schale-auf-eis-510x340.jpg 510w, https:\/\/www.royalcaviar.de\/wp-content\/uploads\/2018\/11\/royal-premium-kaviar-in-silber-kristall-schale-auf-eis.jpg 750w\" sizes=\"auto, (max-width: 335px) 100vw, 335px\" \/>\t\t\t\t<\/a>\n\t\t\t<\/div>\n\t\t\t<div class=\"image-tools is-small top right show-on-hover\">\n\t\t\t\t\t\t\t<\/div>\n\t\t\t<div class=\"image-tools is-small hide-for-small bottom left show-on-hover\">\n\t\t\t\t\t\t\t<\/div>\n\t\t\t<div class=\"image-tools grid-tools text-center hide-for-small bottom hover-slide-in show-on-hover\">\n\t\t\t\t\t\t\t<\/div>\n\t\t\t\t\t<\/div>\n\n\t\t<div class=\"box-text box-text-products text-center grid-style-2\">\n\t\t\t<div class=\"title-wrapper\"><p class=\"name product-title woocommerce-loop-product__title\"><a href=\"https:\/\/www.royalcaviar.de\/en\/shop\/sturgeon-caviar\/royal-premium\/\" class=\"woocommerce-LoopProduct-link woocommerce-loop-product__link\">Royal Premium Caviar | Our Best Caviar<\/a><\/p><\/div><div class=\"price-wrapper\">\n\t<span class=\"price\">From <span class=\"woocommerce-Price-amount amount\"><bdi>110,00&nbsp;<span class=\"woocommerce-Price-currencySymbol\">&euro;<\/span><\/bdi><\/span><\/span>\n\n\n<\/div>\t\t<p class=\"box-excerpt is-small\">\n\t\t\t<strong>TIP: Best price\/performance ratio!<\/strong>\r\nMild, almond-like aftertaste\r\nGrain size: 3.0 - 3.2 mm\r\nShimmering gold, light brown - amber\t\t<\/p>\n\t\t\t\t<\/div>\n\t<\/div>\n\t\n\n\t<p class=\"wc-gzd-additional-info wc-gzd-additional-info-loop product-units-wrapper product-units\"><\/p>\n<span class=\"gtm4wp_productdata\" style=\"display:none; visibility:hidden;\" data-gtm4wp_product_data=\"{&quot;internal_id&quot;:42718,&quot;item_id&quot;:42718,&quot;item_name&quot;:&quot;Royal Premium Caviar | Our Best Caviar&quot;,&quot;sku&quot;:&quot;RP01&quot;,&quot;price&quot;:110,&quot;stocklevel&quot;:null,&quot;stockstatus&quot;:&quot;instock&quot;,&quot;google_business_vertical&quot;:&quot;retail&quot;,&quot;item_category&quot;:&quot;sturgeon caviar&quot;,&quot;id&quot;:42718,&quot;productlink&quot;:&quot;https:\\\/\\\/www.royalcaviar.de\\\/en\\\/shop\\\/sturgeon-caviar\\\/royal-premium\\\/&quot;,&quot;item_list_name&quot;:&quot;General Product List&quot;,&quot;index&quot;:1,&quot;product_type&quot;:&quot;variable&quot;,&quot;item_brand&quot;:&quot;&quot;}\"><\/span>\t<\/div>\n<\/div><\/div>\n\t\t<\/div>\n\t\t\t\t\t<\/div>\n\n\t\n<\/div>\n<div class=\"row\"  id=\"row-299461689\">\n\n\t<div id=\"col-1161614492\" class=\"col small-12 large-12\"  >\n\t\t\t\t<div class=\"col-inner\"  >\n\t\t\t\n\t\t\t\n<h2>Preparation<\/h2>\n<p>Add 6 sheets of gelatine to 1 litre of &#8220;apple juice&#8221;. Mix apple julienne into apple jelly to bind. Break out the langoustines \/ pull out the intestines \/ slice from the back slightly to the left &amp; right \/ lightly sugar, salt, and pepper \/ drizzle with a few drops of lime olive oil \/ leave to marinate for 7-8 minutes. Place apple julienne lengthways on the langoustines. Place marinated Langoustine on a slice of Lardo. Drizzle with cr\u00e8me fra\u00eeche. Finish with <a href=\"https:\/\/www.royalcaviar.de\/en\/shop\/sturgeon-caviar\/royal-premium\/\">Royal Premium caviar<\/a>.<\/p>\n\t\t<\/div>\n\t\t\t\t\t<\/div>\n\n\t\n<\/div>\n\t\t<\/div>\n\n\t\t\n<style>\n#section_407445311 {\n  padding-top: 30px;\n  padding-bottom: 30px;\n}\n<\/style>\n\t<\/section>\n\t\n<p><!-- Recipe-Markup f\u00fcr Langoustine \u201eAnnika Maria\u201c. Nicht entfernen! Ansprechpartner: MartinB. --><br \/>\n<script type=\"application\/ld+json\">\n{\n  \"@context\": \"https:\/\/schema.org\/\", \n  \"@type\": \"Recipe\", \n  \"name\": \"Langoustine \u201eAnnika Maria\u201c\",\n  \"image\": \"https:\/\/www.royalcaviar.de\/wp-content\/uploads\/2021\/10\/rezept_schurr_langoustine2-690x690.jpg\",\n  \"description\": \"Recipe recommendation from star chef Peter Maria Schnurr. Peter Maria Schurr is a star chef from \u201cFALCO\u201d, at the Westin Hotel in Leipzig.\",\n  \"keywords\": \"Michelin star cuisine, langoustine, caviar recipe, cooking with caviar, main dish\",\n  \"author\": {\n    \"@type\": \"Person\",\n    \"name\": \"Peter Maria Schnurr\"\n  },\n  \"recipeCategory\": \"main\", \n  \"recipeCuisine\": \"Contemporary\", \n  \"recipeYield\": \"4\", \n  \"recipeIngredient\": [\n    \"4 pcs Langoustines Royale\", \n    \"4 slices of lardo\", \n    \"4 pieces Granny Smith apples\", \n    \"(3 pieces for juice \u2013 1 piece for very thin julienne)\", \n    \"50 g natural cr\u00e9me fra\u00eeche from \u00c9chir\u00e9e\", \n    \"80 g Caviar Royal Premium\"\n  ],\n  \"recipeInstructions\": [{\n    \"@type\": \"HowToStep\",\n    \"text\": \"Add 6 sheets of gelatine to 1 litre of \u201capple juice\u201d.Mix apple julienne into apple jelly to bind.\"\n  },{\n    \"@type\": \"HowToStep\",\n    \"text\": \"Break out the langoustines \/ pull out the intestines \/ slice from the back slightly to the left & right \/ lightly sugar, salt, and pepper \/ drizzle with a few drops of lime olive oil \/ leave to marinate for 7-8 minutes.\"\n  },{\n    \"@type\": \"HowToStep\",\n    \"text\": \"Place marinated Langoustine on a slice of Lardo.\"\n  },{\n    \"@type\": \"HowToStep\",\n    \"text\": \"Place apple julienne lengthways on the langoustines.\"\n  },{\n    \"@type\": \"HowToStep\",\n    \"text\": \"drizzle with cr\u00e8me fra\u00eeche.\"\n  },{\n    \"@type\": \"HowToStep\",\n    \"text\": \"finish with Royal Premium caviar.\"\n  }]  \n}\n<\/script><\/p>\n","protected":false},"excerpt":{"rendered":"","protected":false},"author":7,"featured_media":0,"parent":42677,"menu_order":0,"comment_status":"closed","ping_status":"closed","template":"","meta":{"inline_featured_image":false,"footnotes":""},"class_list":["post-44966","page","type-page","status-publish","hentry"],"acf":[],"_links":{"self":[{"href":"https:\/\/www.royalcaviar.de\/en\/wp-json\/wp\/v2\/pages\/44966","targetHints":{"allow":["GET"]}}],"collection":[{"href":"https:\/\/www.royalcaviar.de\/en\/wp-json\/wp\/v2\/pages"}],"about":[{"href":"https:\/\/www.royalcaviar.de\/en\/wp-json\/wp\/v2\/types\/page"}],"author":[{"embeddable":true,"href":"https:\/\/www.royalcaviar.de\/en\/wp-json\/wp\/v2\/users\/7"}],"replies":[{"embeddable":true,"href":"https:\/\/www.royalcaviar.de\/en\/wp-json\/wp\/v2\/comments?post=44966"}],"version-history":[{"count":0,"href":"https:\/\/www.royalcaviar.de\/en\/wp-json\/wp\/v2\/pages\/44966\/revisions"}],"up":[{"embeddable":true,"href":"https:\/\/www.royalcaviar.de\/en\/wp-json\/wp\/v2\/pages\/42677"}],"wp:attachment":[{"href":"https:\/\/www.royalcaviar.de\/en\/wp-json\/wp\/v2\/media?parent=44966"}],"curies":[{"name":"wp","href":"https:\/\/api.w.org\/{rel}","templated":true}]}}